{"id":57,"date":"2018-03-18T20:24:57","date_gmt":"2018-03-18T20:24:57","guid":{"rendered":"https:\/\/ohk.caissa-eenhoorn.nl\/wordpress\/?page_id=57"},"modified":"2025-03-12T22:19:50","modified_gmt":"2025-03-12T22:19:50","slug":"eregalerij","status":"publish","type":"page","link":"https:\/\/ohk.caissa-eenhoorn.nl\/wordpress\/eregalerij\/","title":{"rendered":"Eregalerij"},"content":{"rendered":"<p><strong>Winnaars vorige edities OHK<\/strong><\/p>\n<table style=\"width: 584px;\">\n<tbody>\n<tr>\n<td style=\"width: 54px;\" width=\"64\">Jaar<\/td>\n<td style=\"width: 212px;\" width=\"507\">1e plaats<\/td>\n<td style=\"width: 202px;\" width=\"439\">2e plaats<\/td>\n<td style=\"width: 117px;\" width=\"207\">3e plaats<\/td>\n<\/tr>\n<tr>\n<td style=\"width: 54px;\" width=\"64\">2024<\/td>\n<td style=\"width: 212px;\" width=\"507\">Erik van den Doel<\/td>\n<td style=\"width: 202px;\" width=\"439\">Jasel Lopez, Enrico Vroombout en Martijn Monteban<\/td>\n<td style=\"width: 117px;\" width=\"207\"><\/td>\n<\/tr>\n<tr>\n<td style=\"width: 54px;\">2023<\/td>\n<td style=\"width: 414px;\" colspan=\"2\">Leandro Slagboom, Martijn Monteban, Onno Elgersma, Kobe Smeets, Bas Haver en Abel Romkes<\/td>\n<td style=\"width: 117px;\"><\/td>\n<\/tr>\n<tr>\n<td style=\"width: 54px;\">2022<\/td>\n<td style=\"width: 212px;\">Rick Lahaye<\/td>\n<td style=\"width: 202px;\">Dylan Achutan, Marc Overeem, Leandro Slagboom en Arthur de Winter<\/td>\n<td style=\"width: 117px;\"><\/td>\n<\/tr>\n<tr>\n<td style=\"width: 54px;\">2021<\/td>\n<td style=\"width: 212px;\">Hing Ting Lai<\/td>\n<td style=\"width: 202px;\">Martijn Monteban<\/td>\n<td style=\"width: 117px;\">Eline Roebers en Nico Zwirs<\/td>\n<\/tr>\n<tr>\n<td style=\"width: 54px;\">2020<\/td>\n<td style=\"width: 212px;\">Liam Vrolijk<\/td>\n<td style=\"width: 202px;\">Eline Roebers<\/td>\n<td style=\"width: 117px;\">Danny de Ruiter en Nico Zwirs<\/td>\n<\/tr>\n<tr>\n<td style=\"width: 54px;\" width=\"64\">2019<\/td>\n<td style=\"width: 212px;\" width=\"507\">Liam Vrolijk<\/td>\n<td style=\"width: 202px;\" width=\"439\">Hing Ting Lai, Yong Hoon de Roover, Colin Stolwijk en Gillian Honkoop<\/td>\n<td style=\"width: 117px;\" width=\"207\"><\/td>\n<\/tr>\n<tr>\n<td style=\"width: 54px;\" width=\"64\">2018<\/td>\n<td style=\"width: 212px;\" width=\"507\">Hing Ting Lai<\/td>\n<td style=\"width: 202px;\" width=\"439\">Henk-Jan Visser, Joris Kokje en Martijn Monteban<\/td>\n<td style=\"width: 117px;\" width=\"207\"><\/td>\n<\/tr>\n<tr>\n<td style=\"width: 54px;\" width=\"64\">2017<\/td>\n<td style=\"width: 212px;\" width=\"507\">Yong Hoon de Rover<\/td>\n<td style=\"width: 202px;\" width=\"439\">Pieter Hopman<\/td>\n<td style=\"width: 117px;\" width=\"207\">Colin Stolwijk<\/td>\n<\/tr>\n<\/tbody>\n<\/table>\n<p>&nbsp;<\/p>\n<p><strong>Oud NHSB kampioenen<\/strong><\/p>\n<table style=\"width: 584px;\" width=\"614\">\n<tbody>\n<tr>\n<td style=\"width: 52px;\" width=\"64\">Jaar<\/td>\n<td style=\"width: 205px;\" width=\"507\">1e plaats<\/td>\n<td style=\"width: 195px;\" width=\"439\">2e plaats<\/td>\n<td style=\"width: 132px;\" width=\"207\">3e plaats<\/td>\n<\/tr>\n<tr>\n<td style=\"width: 52px;\" width=\"64\">2024<\/td>\n<td style=\"width: 205px;\" width=\"507\">Erik van den Doel<\/td>\n<td style=\"width: 195px;\" width=\"439\">Martijn Monteban<\/td>\n<td style=\"width: 132px;\" width=\"207\">Colin Stolwijk<\/td>\n<\/tr>\n<tr>\n<td style=\"width: 52px;\">2023<\/td>\n<td style=\"width: 205px;\">Martijn Monteban (op wp)<\/td>\n<td style=\"width: 195px;\">Onno Elgersma, Bas Haver en Abel Romkes<\/td>\n<td style=\"width: 132px;\"><\/td>\n<\/tr>\n<tr>\n<td style=\"width: 52px;\">2022<\/td>\n<td style=\"width: 205px;\">Colin Stolwijk<\/td>\n<td style=\"width: 195px;\">Martijn Monteban<\/td>\n<td style=\"width: 132px;\">Chenwu Zhu<\/td>\n<\/tr>\n<tr>\n<td style=\"width: 52px;\">2021<\/td>\n<td style=\"width: 205px;\">Hing Ting Lai<\/td>\n<td style=\"width: 195px;\">Martijn Monteban<\/td>\n<td style=\"width: 132px;\">Peter Doggers en Colin Stolwijk<\/td>\n<\/tr>\n<tr>\n<td style=\"width: 52px;\">2020<\/td>\n<td style=\"width: 205px;\">Liam Vrolijk<\/td>\n<td style=\"width: 195px;\">Danny de Ruiter<\/td>\n<td style=\"width: 132px;\">Nick Manshanden<\/td>\n<\/tr>\n<tr>\n<td style=\"width: 52px;\" width=\"64\">2019<\/td>\n<td style=\"width: 205px;\" width=\"507\">Liam Vrolijk<\/td>\n<td style=\"width: 195px;\" width=\"439\">Hing Ting Lai, Yong Hoon de Roover, Colin Stolwijk en Gillian Honkoop<\/td>\n<td style=\"width: 132px;\" width=\"207\"><\/td>\n<\/tr>\n<tr>\n<td style=\"width: 52px;\" width=\"64\">2018<\/td>\n<td style=\"width: 205px;\" width=\"507\">Hing Ting Lai<\/td>\n<td style=\"width: 195px;\" width=\"439\">Henk-Jan Visser en Martijn Monteban<\/td>\n<td style=\"width: 132px;\" width=\"207\"><\/td>\n<\/tr>\n<tr>\n<td style=\"width: 52px;\" width=\"64\">2017<\/td>\n<td style=\"width: 205px;\" width=\"507\">Danny de Ruiter<\/td>\n<td style=\"width: 195px;\" width=\"439\">Sybolt Strating<\/td>\n<td style=\"width: 132px;\" width=\"207\">Pieter Hopman<\/td>\n<\/tr>\n<tr>\n<td style=\"width: 52px;\" width=\"64\">2016<\/td>\n<td style=\"width: 205px;\" width=\"507\">Danny de Ruiter<\/td>\n<td style=\"width: 195px;\" width=\"439\">Ilias van der Lende<\/td>\n<td style=\"width: 132px;\" width=\"207\">Frank Agter<\/td>\n<\/tr>\n<tr>\n<td style=\"width: 52px;\" width=\"64\">2015<\/td>\n<td style=\"width: 205px;\" width=\"507\">Ilias van der Lende<\/td>\n<td style=\"width: 195px;\" width=\"439\">Danny de Ruiter<\/td>\n<td style=\"width: 132px;\" width=\"207\">Peter de Roode<\/td>\n<\/tr>\n<tr>\n<td style=\"width: 52px;\" width=\"64\">2014<\/td>\n<td style=\"width: 205px;\" width=\"507\">niet gespeeld<\/td>\n<td style=\"width: 195px;\" width=\"439\"><\/td>\n<td style=\"width: 132px;\" width=\"207\"><\/td>\n<\/tr>\n<tr>\n<td style=\"width: 52px;\" width=\"64\">2013<\/td>\n<td style=\"width: 205px;\" width=\"507\">Danny de Ruiter<\/td>\n<td style=\"width: 195px;\" width=\"439\">Anton Bakels<\/td>\n<td style=\"width: 132px;\" width=\"207\">Richard Schelvis<\/td>\n<\/tr>\n<tr>\n<td style=\"width: 52px;\" width=\"64\">2012<\/td>\n<td style=\"width: 205px;\" width=\"507\">Danny de Ruiter<\/td>\n<td style=\"width: 195px;\" width=\"439\">Pieter Roggeveen<\/td>\n<td style=\"width: 132px;\" width=\"207\">Daan in \u2019t Veld<\/td>\n<\/tr>\n<tr>\n<td style=\"width: 52px;\" width=\"64\">2011<\/td>\n<td style=\"width: 205px;\" width=\"507\">Ilias van der Lende<\/td>\n<td style=\"width: 195px;\" width=\"439\">Yong Hoon de Rover<\/td>\n<td style=\"width: 132px;\" width=\"207\">Chris de Saegher<\/td>\n<\/tr>\n<tr>\n<td style=\"width: 52px;\" width=\"64\">2010<\/td>\n<td style=\"width: 205px;\" width=\"507\">Hans Galj\u00e9<\/td>\n<td style=\"width: 195px;\" width=\"439\">Yong Hoon de Rover<\/td>\n<td style=\"width: 132px;\" width=\"207\">Danny de Ruiter<\/td>\n<\/tr>\n<tr>\n<td style=\"width: 52px;\" width=\"64\">2009<\/td>\n<td style=\"width: 205px;\" width=\"507\">Enrico Blees<\/td>\n<td style=\"width: 195px;\" width=\"439\">Yong Hoon de Rover<\/td>\n<td style=\"width: 132px;\" width=\"207\">Miguo\u00ebl Admiraal<\/td>\n<\/tr>\n<tr>\n<td style=\"width: 52px;\" width=\"64\">2008<\/td>\n<td style=\"width: 205px;\" width=\"507\">Yorick ten Hagen<\/td>\n<td style=\"width: 195px;\" width=\"439\">Chris de Saegher<\/td>\n<td style=\"width: 132px;\" width=\"207\">Daan Zult<\/td>\n<\/tr>\n<tr>\n<td style=\"width: 52px;\" width=\"64\">2007<\/td>\n<td style=\"width: 205px;\" width=\"507\">Yong Hoon de Rover<\/td>\n<td style=\"width: 195px;\" width=\"439\">Djurre den Heeten<\/td>\n<td style=\"width: 132px;\" width=\"207\">Rick Duijker<\/td>\n<\/tr>\n<tr>\n<td style=\"width: 52px;\" width=\"64\">2006<\/td>\n<td style=\"width: 205px;\" width=\"507\">Enrico Blees<\/td>\n<td style=\"width: 195px;\" width=\"439\">Pieter Hopman en Pieter Roggeveen<\/td>\n<td style=\"width: 132px;\" width=\"207\"><\/td>\n<\/tr>\n<tr>\n<td style=\"width: 52px;\" width=\"64\">2005<\/td>\n<td style=\"width: 205px;\" width=\"507\">Rick Duijker<\/td>\n<td style=\"width: 195px;\" width=\"439\">Peter Doggers<\/td>\n<td style=\"width: 132px;\" width=\"207\">Piet Peelen<\/td>\n<\/tr>\n<tr>\n<td style=\"width: 52px;\" width=\"64\">2004<\/td>\n<td style=\"width: 205px;\" width=\"507\">Frank van Tellingen<\/td>\n<td style=\"width: 195px;\" width=\"439\">Chris de Saegher<\/td>\n<td style=\"width: 132px;\" width=\"207\">Sjoerd Plukkel<\/td>\n<\/tr>\n<tr>\n<td style=\"width: 52px;\" width=\"64\">2003<\/td>\n<td style=\"width: 205px;\" width=\"507\">Frank van Tellingen<\/td>\n<td style=\"width: 195px;\" width=\"439\"><\/td>\n<td style=\"width: 132px;\" width=\"207\"><\/td>\n<\/tr>\n<tr>\n<td style=\"width: 52px;\" width=\"64\">2002<\/td>\n<td style=\"width: 205px;\" width=\"507\">Peter Doggers<\/td>\n<td style=\"width: 195px;\" width=\"439\"><\/td>\n<td style=\"width: 132px;\" width=\"207\"><\/td>\n<\/tr>\n<tr>\n<td style=\"width: 52px;\" width=\"64\">2001<\/td>\n<td style=\"width: 205px;\" width=\"507\">Daan Zult<\/td>\n<td style=\"width: 195px;\" width=\"439\">Pieter Hopman<\/td>\n<td style=\"width: 132px;\" width=\"207\">Peter Doggers<\/td>\n<\/tr>\n<tr>\n<td style=\"width: 52px;\" width=\"64\">2000<\/td>\n<td style=\"width: 205px;\" width=\"507\">niet gespeeld<\/td>\n<td style=\"width: 195px;\" width=\"439\"><\/td>\n<td style=\"width: 132px;\" width=\"207\"><\/td>\n<\/tr>\n<tr>\n<td style=\"width: 52px;\" width=\"64\">1999<\/td>\n<td style=\"width: 205px;\" width=\"507\">Peter Doggers<\/td>\n<td style=\"width: 195px;\" width=\"439\"><\/td>\n<td style=\"width: 132px;\" width=\"207\"><\/td>\n<\/tr>\n<tr>\n<td style=\"width: 52px;\" width=\"64\">1998<\/td>\n<td style=\"width: 205px;\" width=\"507\">Pieter Hopman<\/td>\n<td style=\"width: 195px;\" width=\"439\"><\/td>\n<td style=\"width: 132px;\" width=\"207\"><\/td>\n<\/tr>\n<tr>\n<td style=\"width: 52px;\" width=\"64\">1997<\/td>\n<td style=\"width: 205px;\" width=\"507\">Pieter Hopman<\/td>\n<td style=\"width: 195px;\" width=\"439\">\u00a0Erik Bark<\/td>\n<td style=\"width: 132px;\" width=\"207\">Piet de Haas<\/td>\n<\/tr>\n<tr>\n<td style=\"width: 52px;\" width=\"64\">1996<\/td>\n<td style=\"width: 205px;\" width=\"507\">Nico Vink<\/td>\n<td style=\"width: 195px;\" width=\"439\"><\/td>\n<td style=\"width: 132px;\" width=\"207\"><\/td>\n<\/tr>\n<tr>\n<td style=\"width: 52px;\" width=\"64\">1995<\/td>\n<td style=\"width: 205px;\" width=\"507\">H\u00e9bert P\u00e9rez Garc\u00eda<\/td>\n<td style=\"width: 195px;\" width=\"439\">Erik Nicolai<\/td>\n<td style=\"width: 132px;\" width=\"207\">Richard Duijn<\/td>\n<\/tr>\n<tr>\n<td style=\"width: 52px;\" width=\"64\">1994<\/td>\n<td style=\"width: 205px;\" width=\"507\">Andr\u00e9 Breedveld<\/td>\n<td style=\"width: 195px;\" width=\"439\">Hans Galj\u00e9<\/td>\n<td style=\"width: 132px;\" width=\"207\"><\/td>\n<\/tr>\n<tr>\n<td style=\"width: 52px;\" width=\"64\">1993<\/td>\n<td style=\"width: 205px;\" width=\"507\">Chris de Saegher<\/td>\n<td style=\"width: 195px;\" width=\"439\">Peter van den Brink<\/td>\n<td style=\"width: 132px;\" width=\"207\">Ronald Verdonk<\/td>\n<\/tr>\n<tr>\n<td style=\"width: 52px;\" width=\"64\">1992<\/td>\n<td style=\"width: 205px;\" width=\"507\">Andr\u00e9 Breedveld<\/td>\n<td style=\"width: 195px;\" width=\"439\">H\u00e9bert P\u00e9rez Garc\u00eda<\/td>\n<td style=\"width: 132px;\" width=\"207\">Chris de Saegher<\/td>\n<\/tr>\n<tr>\n<td style=\"width: 52px;\" width=\"64\">1991<\/td>\n<td style=\"width: 205px;\" width=\"507\">H\u00e9bert P\u00e9rez Garc\u00eda<\/td>\n<td style=\"width: 195px;\" width=\"439\">Peter Poncin<\/td>\n<td style=\"width: 132px;\" width=\"207\">Chris de Saegher<\/td>\n<\/tr>\n<tr>\n<td style=\"width: 52px;\" width=\"64\">1990<\/td>\n<td style=\"width: 205px;\" width=\"507\">Richard Duijn<\/td>\n<td style=\"width: 195px;\" width=\"439\">H\u00e9bert P\u00e9rez Garc\u00eda<\/td>\n<td style=\"width: 132px;\" width=\"207\">Peter Poncin<\/td>\n<\/tr>\n<tr>\n<td style=\"width: 52px;\" width=\"64\">1989<\/td>\n<td style=\"width: 205px;\" width=\"507\">Richard Duijn<\/td>\n<td style=\"width: 195px;\" width=\"439\">Rob Duijn<\/td>\n<td style=\"width: 132px;\" width=\"207\">H\u00e9bert P\u00e9rez Garc\u00eda<\/td>\n<\/tr>\n<tr>\n<td style=\"width: 52px;\" width=\"64\">1988<\/td>\n<td style=\"width: 205px;\" width=\"507\">Kees Dekker<\/td>\n<td style=\"width: 195px;\" width=\"439\">Dimitri Reinderman<\/td>\n<td style=\"width: 132px;\" width=\"207\">Jan Burggraaf<\/td>\n<\/tr>\n<tr>\n<td style=\"width: 52px;\" width=\"64\">1987<\/td>\n<td style=\"width: 205px;\" width=\"507\">H\u00e9bert P\u00e9rez Garc\u00eda<\/td>\n<td style=\"width: 195px;\" width=\"439\">Cor Hoogeterp<\/td>\n<td style=\"width: 132px;\" width=\"207\">Nico Hauwert<\/td>\n<\/tr>\n<tr>\n<td style=\"width: 52px;\" width=\"64\">1986<\/td>\n<td style=\"width: 205px;\" width=\"507\">Nico Hauwert<\/td>\n<td style=\"width: 195px;\" width=\"439\">Kees Dekker<\/td>\n<td style=\"width: 132px;\" width=\"207\">Michel Rijnbergen<\/td>\n<\/tr>\n<\/tbody>\n<\/table>\n<p>&nbsp;<\/p>\n<p>&nbsp;<\/p>\n","protected":false},"excerpt":{"rendered":"<p>Winnaars vorige edities OHK Jaar 1e plaats 2e plaats 3e plaats 2024 Erik van den Doel Jasel Lopez, Enrico Vroombout en Martijn Monteban 2023 Leandro Slagboom, Martijn Monteban, Onno Elgersma, Kobe Smeets, Bas Haver en Abel Romkes 2022 Rick Lahaye &hellip; <a href=\"https:\/\/ohk.caissa-eenhoorn.nl\/wordpress\/eregalerij\/\">Lees verder <span class=\"meta-nav\">&rarr;<\/span><\/a><\/p>\n","protected":false},"author":1,"featured_media":387,"parent":0,"menu_order":0,"comment_status":"closed","ping_status":"closed","template":"","meta":{"footnotes":""},"class_list":["post-57","page","type-page","status-publish","has-post-thumbnail","hentry"],"_links":{"self":[{"href":"https:\/\/ohk.caissa-eenhoorn.nl\/wordpress\/wp-json\/wp\/v2\/pages\/57","targetHints":{"allow":["GET"]}}],"collection":[{"href":"https:\/\/ohk.caissa-eenhoorn.nl\/wordpress\/wp-json\/wp\/v2\/pages"}],"about":[{"href":"https:\/\/ohk.caissa-eenhoorn.nl\/wordpress\/wp-json\/wp\/v2\/types\/page"}],"author":[{"embeddable":true,"href":"https:\/\/ohk.caissa-eenhoorn.nl\/wordpress\/wp-json\/wp\/v2\/users\/1"}],"replies":[{"embeddable":true,"href":"https:\/\/ohk.caissa-eenhoorn.nl\/wordpress\/wp-json\/wp\/v2\/comments?post=57"}],"version-history":[{"count":6,"href":"https:\/\/ohk.caissa-eenhoorn.nl\/wordpress\/wp-json\/wp\/v2\/pages\/57\/revisions"}],"predecessor-version":[{"id":2217,"href":"https:\/\/ohk.caissa-eenhoorn.nl\/wordpress\/wp-json\/wp\/v2\/pages\/57\/revisions\/2217"}],"wp:featuredmedia":[{"embeddable":true,"href":"https:\/\/ohk.caissa-eenhoorn.nl\/wordpress\/wp-json\/wp\/v2\/media\/387"}],"wp:attachment":[{"href":"https:\/\/ohk.caissa-eenhoorn.nl\/wordpress\/wp-json\/wp\/v2\/media?parent=57"}],"curies":[{"name":"wp","href":"https:\/\/api.w.org\/{rel}","templated":true}]}}